{"id":106,"date":"2018-04-23T03:17:18","date_gmt":"2018-04-23T03:17:18","guid":{"rendered":"http:\/\/td_uid_4_5add503eb6d57"},"modified":"2018-04-27T02:49:47","modified_gmt":"2018-04-27T02:49:47","slug":"lien-he","status":"publish","type":"page","link":"https:\/\/afc.com.vn\/vi\/lien-he\/","title":{"rendered":"Li\u00ean h\u1ec7"},"content":{"rendered":"<div id=\"td_uid_1_6a01cce32a107\" class=\"tdc-row stretch_row_1200 td-stretch-content\"><div class=\"vc_row td_uid_1_6a01cce32a1df_rand  wpb_row td-pb-row\" >\n<style scoped>\n\n\/* inline tdc_css att *\/\n\n.td_uid_1_6a01cce32a1df_rand{\npadding-top:1px !important;\n}\n\n.td_uid_1_6a01cce32a1df_rand .td_block_wrap{ text-align:left }\n\n<\/style><div class=\"vc_column td_uid_2_6a01cce32b31f_rand  wpb_column vc_column_container tdc-column td-pb-span7\"><div class=\"wpb_wrapper\"><div class=\"tdm_block td_block_wrap tdm_block_column_title td_uid_3_6a01cce32b7f8_rand tdm-content-horiz-left td-pb-border-top td-law-firm-section-title td_block_template_1\"  data-td-block-uid=\"td_uid_3_6a01cce32b7f8\" ><div class=\"td-block-row\"><div class=\"td-block-span12 tdm-col\">\n<style>\n\n<\/style><div class=\"tds-title tds-title1 td-fix-index td_uid_4_6a01cce330ae6\"><h1 class=\"tdm-title tdm-title-md\">Li\u00ean h\u1ec7 v\u1edbi ch\u00fang t\u00f4i<\/h1><\/div><\/div><\/div><\/div><\/div><\/div><div class=\"vc_column td_uid_5_6a01cce3317ff_rand  wpb_column vc_column_container tdc-column td-pb-span5\">\n<style scoped>\n\n\/* inline tdc_css att *\/\n\n\/* phone *\/\n@media (max-width: 767px)\n{\n.td_uid_5_6a01cce3317ff_rand{\ndisplay:none !important;\n}\n}\n\n<\/style><div class=\"wpb_wrapper\"><\/div><\/div><\/div><\/div>\r\n\t\t<script>\r\n\r\n\t\t\tjQuery(window).load(function () {\r\n\t\t\t\tjQuery('body').find('#td_uid_1_6a01cce32a107 .td-element-style').each(function (index, element) {\r\n\t\t\t\t\tjQuery(element).css('opacity', 1);\r\n\t\t\t\t\treturn;\r\n\t\t\t\t});\r\n\t\t\t});\r\n\r\n\t\t<\/script>\r\n\r\n\t\t\r\n\t\t\t<script>\r\n\r\n\t\t\t\tjQuery(window).ready(function () {\r\n\r\n\t\t\t\t\t\/\/ We need timeout because the content must be rendered and interpreted on client\r\n\t\t\t\t\tsetTimeout(function () {\r\n\r\n\t\t\t\t\t\tvar $content = jQuery('body').find('#tdc-live-iframe'),\r\n\t\t\t\t\t\t\trefWindow = undefined;\r\n\r\n\t\t\t\t\t\tif ($content.length) {\r\n\t\t\t\t\t\t\t$content = $content.contents();\r\n\t\t\t\t\t\t\trefWindow = document.getElementById('tdc-live-iframe').contentWindow || document.getElementById('tdc-live-iframe').contentDocument;\r\n\r\n\t\t\t\t\t\t} else {\r\n\t\t\t\t\t\t\t$content = jQuery('body');\r\n\t\t\t\t\t\t\trefWindow = window;\r\n\t\t\t\t\t\t}\r\n\r\n\t\t\t\t\t\t$content.find('#td_uid_1_6a01cce32a107 .td-element-style').each(function (index, element) {\r\n\t\t\t\t\t\t\tjQuery(element).css('opacity', 1);\r\n\t\t\t\t\t\t\treturn;\r\n\t\t\t\t\t\t});\r\n\t\t\t\t\t});\r\n\r\n\t\t\t\t}, 200);\r\n\t\t\t<\/script>\r\n\r\n\t\t\t<div id=\"td_uid_4_6a01cce331a25\" class=\"tdc-row stretch_row_1200 td-stretch-content\"><div class=\"vc_row td_uid_6_6a01cce331a75_rand  wpb_row td-pb-row\" >\n<style scoped>\n\n\/* inline tdc_css att *\/\n\n.td_uid_6_6a01cce331a75_rand{\npadding-bottom:52px !important;\n}\n\n.td_uid_6_6a01cce331a75_rand .td_block_wrap{ text-align:left }\n\n\/* portrait *\/\n@media (min-width: 768px) and (max-width: 1018px)\n{\n.td_uid_6_6a01cce331a75_rand{\npadding-bottom:32px !important;\n}\n}\n\n\/* phone *\/\n@media (max-width: 767px)\n{\n.td_uid_6_6a01cce331a75_rand{\npadding-bottom:32px !important;\n}\n}\n\n<\/style><div class=\"vc_column td_uid_7_6a01cce331e4e_rand  wpb_column vc_column_container tdc-column td-pb-span7\"><div class=\"wpb_wrapper\"><div class=\"tdm_block td_block_wrap tdm_block_inline_text td_uid_8_6a01cce33239b_rand tdm-content-horiz-left td-pb-border-top td_block_template_1\"  data-td-block-uid=\"td_uid_8_6a01cce33239b\" >\n<style>\n\n\/* inline tdc_css att *\/\n\n\/* phone *\/\n@media (max-width: 767px)\n{\n.td_uid_8_6a01cce33239b_rand{\nmargin-bottom:20px !important;\n}\n}\n\n<\/style><p class=\"tdm-descr\">V\u1edbi uy t\u00edn c\u00f9ng s\u1ef1 cam k\u1ebft v\u1ec1 ch\u1ea5t l\u01b0\u1ee3ng d\u1ecbch v\u1ee5 \u0111\u00e0o t\u1ea1o v\u00e0 c\u01a1 s\u1edf v\u1eadt ch\u1ea5t chu\u1ea9n qu\u1ed1c t\u1ebf, AFC Vi\u1ec7t Nam \u0111\u00e3 v\u00e0 \u0111ang t\u1eebng b\u01b0\u1edbc kh\u1eb3ng \u0111\u1ecbnh v\u1ecb th\u1ebf trong b\u1ea3n \u0111\u1ed3 c\u00e1c \u0111\u01a1n v\u1ecb \u0111\u1ea7u t\u01b0 gi\u00e1o d\u1ee5c t\u1ea1i Vi\u1ec7t Nam.<br>\n\nM\u1ecdi th\u00f4ng tin xin vui l\u00f2ng li\u00ean h\u1ec7:<\/p><\/div><\/div><\/div><div class=\"vc_column td_uid_9_6a01cce334668_rand  wpb_column vc_column_container tdc-column td-pb-span5\"><div class=\"wpb_wrapper\"><div class=\"tdm_block td_block_wrap tdm_block_socials td_uid_10_6a01cce334a94_rand tdm-content-horiz-left td-pb-border-top td_block_template_1\"  data-td-block-uid=\"td_uid_10_6a01cce334a94\" >\n<style>\n\n\/* inline tdc_css att *\/\n\n.td_uid_10_6a01cce334a94_rand{\nmargin-bottom:0px !important;\n}\n\n<\/style>\n<style>\n.td_uid_11_6a01cce336a25 .tdm-social-item i {\r\n\t\t\t\t\tfont-size: 16px;\r\n\t\t\t\t\tvertical-align: middle;\r\n\t\t\t\t}\r\n\t\t\t\t.td_uid_11_6a01cce336a25 .tdm-social-item i.td-icon-twitter,\r\n\t\t\t\t.td_uid_11_6a01cce336a25 .tdm-social-item i.td-icon-linkedin,\r\n\t\t\t\t.td_uid_11_6a01cce336a25 .tdm-social-item i.td-icon-pinterest,\r\n\t\t\t\t.td_uid_11_6a01cce336a25 .tdm-social-item i.td-icon-blogger,\r\n\t\t\t\t.td_uid_11_6a01cce336a25 .tdm-social-item i.td-icon-vimeo {\r\n\t\t\t\t\tfont-size: 12.8px;\r\n\t\t\t\t}\r\n\t\t\t\t\r\n\t\t\t\t.td_uid_11_6a01cce336a25 .tdm-social-item {\r\n\t\t\t\t\twidth: 44.8px;\r\n\t\t\t\t\theight: 44.8px;\r\n\t\t\t\t\tline-height: 44.8px;\r\n\t\t\t\t}\r\n\t\t\t\t\r\n\t\t\t\t.td_uid_11_6a01cce336a25 .tdm-social-item {\r\n\t\t\t\t    margin: 5px 10px 5px 0;\r\n\t\t\t\t}\n<\/style><div class=\"tdm-social-wrapper tds-social3 td_uid_11_6a01cce336a25\"><a href=\"https:\/\/www.facebook.com\/vienquantritaichinhafc\/\" class=\"tdm-social-item\"><i class=\"td-icon-font td-icon-facebook\"><\/i><\/a><a href=\"#\" class=\"tdm-social-item\"><i class=\"td-icon-font td-icon-instagram\"><\/i><\/a><a href=\"https:\/\/www.youtube.com\/channel\/UCPkjFBJx6bLisxqxCl_dxFw\" class=\"tdm-social-item\"><i class=\"td-icon-font td-icon-youtube\"><\/i><\/a><\/div><\/div><\/div><\/div><\/div><\/div>\r\n\t\t<script>\r\n\r\n\t\t\tjQuery(window).load(function () {\r\n\t\t\t\tjQuery('body').find('#td_uid_4_6a01cce331a25 .td-element-style').each(function (index, element) {\r\n\t\t\t\t\tjQuery(element).css('opacity', 1);\r\n\t\t\t\t\treturn;\r\n\t\t\t\t});\r\n\t\t\t});\r\n\r\n\t\t<\/script>\r\n\r\n\t\t\r\n\t\t\t<script>\r\n\r\n\t\t\t\tjQuery(window).ready(function () {\r\n\r\n\t\t\t\t\t\/\/ We need timeout because the content must be rendered and interpreted on client\r\n\t\t\t\t\tsetTimeout(function () {\r\n\r\n\t\t\t\t\t\tvar $content = jQuery('body').find('#tdc-live-iframe'),\r\n\t\t\t\t\t\t\trefWindow = undefined;\r\n\r\n\t\t\t\t\t\tif ($content.length) {\r\n\t\t\t\t\t\t\t$content = $content.contents();\r\n\t\t\t\t\t\t\trefWindow = document.getElementById('tdc-live-iframe').contentWindow || document.getElementById('tdc-live-iframe').contentDocument;\r\n\r\n\t\t\t\t\t\t} else {\r\n\t\t\t\t\t\t\t$content = jQuery('body');\r\n\t\t\t\t\t\t\trefWindow = window;\r\n\t\t\t\t\t\t}\r\n\r\n\t\t\t\t\t\t$content.find('#td_uid_4_6a01cce331a25 .td-element-style').each(function (index, element) {\r\n\t\t\t\t\t\t\tjQuery(element).css('opacity', 1);\r\n\t\t\t\t\t\t\treturn;\r\n\t\t\t\t\t\t});\r\n\t\t\t\t\t});\r\n\r\n\t\t\t\t}, 200);\r\n\t\t\t<\/script>\r\n\r\n\t\t\t<div id=\"td_uid_7_6a01cce337093\" class=\"tdc-row stretch_row_1200 td-stretch-content\"><div class=\"vc_row td_uid_12_6a01cce3370e6_rand  wpb_row td-pb-row tdc-element-style\" >\n<style scoped>\n\n\/* inline tdc_css att *\/\n\n.td_uid_12_6a01cce3370e6_rand{\npadding-top:60px !important;\npadding-bottom:53px !important;\nposition:relative;\n}\n\n.td_uid_12_6a01cce3370e6_rand .td_block_wrap{ text-align:left }\n\n\/* portrait *\/\n@media (min-width: 768px) and (max-width: 1018px)\n{\n.td_uid_12_6a01cce3370e6_rand{\npadding-top:40px !important;\npadding-bottom:33px !important;\n}\n}\n\n\/* phone *\/\n@media (max-width: 767px)\n{\n.td_uid_12_6a01cce3370e6_rand{\npadding-top:38px !important;\npadding-bottom:43px !important;\n}\n}\n\n<\/style>\n<div class=\"td_uid_7_6a01cce337093_rand_style td-element-style\" style=\"opacity: 0; transition: opacity 1s;\"><style>\n.td_uid_7_6a01cce337093_rand_style{\nbackground-color:#fcfaf4 !important;\n}\n <\/style><\/div><div class=\"vc_column td_uid_13_6a01cce33753f_rand  wpb_column vc_column_container tdc-column td-pb-span3\"><div class=\"wpb_wrapper\"><div class=\"tdm_block td_block_wrap tdm_block_icon_box td_uid_14_6a01cce3379ef_rand tdm-content-horiz-center tds_icon_box1_wrap td-pb-border-top td_block_template_1\"  data-td-block-uid=\"td_uid_14_6a01cce3379ef\" >\n<style>\n\n\/* inline tdc_css att *\/\n\n.td_uid_14_6a01cce3379ef_rand{\nmargin-bottom:0px !important;\n}\n\n\/* phone *\/\n@media (max-width: 767px)\n{\n.td_uid_14_6a01cce3379ef_rand{\nmargin-bottom:34px !important;\n}\n}\n\n<\/style>\n<style>\n.td_uid_15_6a01cce33a8aa .tds-title {\r\n\t\t\t\t    margin-top: 4px;\r\n\t\t\t\t}\r\n\t\t\t\t\r\n\t\t\t\t\r\n\t\t\t\t.td_uid_15_6a01cce33a8aa .tds-title {\r\n\t\t\t\t    margin-bottom: 3px;\r\n\t\t\t\t}\r\n\t\t\t\t\r\n\t\t\t\t\r\n\t\t\t\t.td_uid_15_6a01cce33a8aa .tdm-descr {\r\n\t\t\t\t    margin-bottom: 0px;\t\t\t\t  \r\n\t\t\t\t}\n<\/style><div class=\"tds-icon-box tds-icon-box1 td-fix-index td_uid_15_6a01cce33a8aa\">\n<style>\n.td_uid_16_6a01cce33b9c3 {\r\n\t\t\t\t    -webkit-transition: all 0.2s ease;\r\n                    -moz-transition: all 0.2s ease;\r\n                    -o-transition: all 0.2s ease;\r\n                    transition: all 0.2s ease;\r\n\t\t\t\t} \r\n\t\t\t\t.td_uid_16_6a01cce33b9c3:before {\r\n\t\t\t\t    -webkit-transition: all 0.2s ease;\r\n                    -moz-transition: all 0.2s ease;\r\n                    -o-transition: all 0.2s ease;\r\n                    transition: all 0.2s ease;\r\n\t\t\t\t}\r\n\r\n\t\t\t\t\r\n\t\t\t\t.td_uid_16_6a01cce33b9c3:before {\r\n\t\t\t\t\tcolor: #c2ab42;\r\n\t\t\t\t}\n\n\/* landscape *\/\n@media (min-width: 1019px) and (max-width: 1140px){\n\n}\n\n\/* portrait *\/\n@media (min-width: 768px) and (max-width: 1018px){\n\n}\n\n\/* phone *\/\n@media (max-width: 767px){\n\n}\n<\/style><i class=\"tds-icon tdc-font-tdmp tdc-font-tdmp-location td_uid_16_6a01cce33b9c3 td-fix-index\"><\/i>\n<style>\n\n<\/style><div class=\"tds-title tds-title1 td-fix-index td_uid_17_6a01cce33c62a\"><h3 class=\"tdm-title tdm-title-sm\">\u0110\u1ecba ch\u1ec9<\/h3><\/div><p class=\"tdm-descr td-fix-index\">T\u1ea7ng 1, T\u00f2a nh\u00e0 N06B1, Ph\u1ed1 Th\u00e0nh Th\u00e1i, C\u1ea7u Gi\u1ea5y, H\u00e0 N\u1ed9i<\/p><\/div><style>.td_uid_14_6a01cce3379ef_rand .tds-icon-box .tds-icon {\r\n\t\t\t\t    font-size: 50px;\r\n\t\t\t\t    text-align: center;\r\n\t\t\t\t}\r\n\t\t\t\t\r\n\t\t\t\t\r\n\t\t\t\t.td_uid_14_6a01cce3379ef_rand .tds-icon-box .tds-icon {\r\n\t\t\t\t    width: 50px;\r\n\t\t\t\t    height: 50px;\r\n\t\t\t\t    line-height: 50px;\r\n\t\t\t\t}<\/style><\/div><\/div><\/div><div class=\"vc_column td_uid_18_6a01cce33dcec_rand  wpb_column vc_column_container tdc-column td-pb-span3\"><div class=\"wpb_wrapper\"><div class=\"tdm_block td_block_wrap tdm_block_icon_box td_uid_19_6a01cce33e053_rand tdm-content-horiz-center tds_icon_box1_wrap td-pb-border-top td_block_template_1\"  data-td-block-uid=\"td_uid_19_6a01cce33e053\" >\n<style>\n\n\/* inline tdc_css att *\/\n\n.td_uid_19_6a01cce33e053_rand{\nmargin-bottom:0px !important;\n}\n\n\/* phone *\/\n@media (max-width: 767px)\n{\n.td_uid_19_6a01cce33e053_rand{\nmargin-bottom:34px !important;\n}\n}\n\n<\/style>\n<style>\n.td_uid_20_6a01cce341c3b .tds-title {\r\n\t\t\t\t    margin-top: 4px;\r\n\t\t\t\t}\r\n\t\t\t\t\r\n\t\t\t\t\r\n\t\t\t\t.td_uid_20_6a01cce341c3b .tds-title {\r\n\t\t\t\t    margin-bottom: 3px;\r\n\t\t\t\t}\r\n\t\t\t\t\r\n\t\t\t\t\r\n\t\t\t\t.td_uid_20_6a01cce341c3b .tdm-descr {\r\n\t\t\t\t    margin-bottom: 0px;\t\t\t\t  \r\n\t\t\t\t}\n<\/style><div class=\"tds-icon-box tds-icon-box1 td-fix-index td_uid_20_6a01cce341c3b\">\n<style>\n.td_uid_21_6a01cce34326e {\r\n\t\t\t\t    -webkit-transition: all 0.2s ease;\r\n                    -moz-transition: all 0.2s ease;\r\n                    -o-transition: all 0.2s ease;\r\n                    transition: all 0.2s ease;\r\n\t\t\t\t} \r\n\t\t\t\t.td_uid_21_6a01cce34326e:before {\r\n\t\t\t\t    -webkit-transition: all 0.2s ease;\r\n                    -moz-transition: all 0.2s ease;\r\n                    -o-transition: all 0.2s ease;\r\n                    transition: all 0.2s ease;\r\n\t\t\t\t}\r\n\r\n\t\t\t\t\r\n\t\t\t\t.td_uid_21_6a01cce34326e:before {\r\n\t\t\t\t\tcolor: #c2ab42;\r\n\t\t\t\t}\n\n\/* landscape *\/\n@media (min-width: 1019px) and (max-width: 1140px){\n\n}\n\n\/* portrait *\/\n@media (min-width: 768px) and (max-width: 1018px){\n\n}\n\n\/* phone *\/\n@media (max-width: 767px){\n\n}\n<\/style><i class=\"tds-icon tdc-font-tdmp tdc-font-tdmp-24h td_uid_21_6a01cce34326e td-fix-index\"><\/i>\n<style>\n\n<\/style><div class=\"tds-title tds-title1 td-fix-index td_uid_22_6a01cce3441d9\"><h3 class=\"tdm-title tdm-title-sm\">Th\u1eddi gian l\u00e0m vi\u1ec7c<\/h3><\/div><p class=\"tdm-descr td-fix-index\">Th\u1ee9 2 - Th\u1ee9 6<br>\n8:00 AM - 5:00 PM<br>\nTh\u1ee9 7<br>\n8:00 AM - 12:00 AM<\/p><\/div><style>.td_uid_19_6a01cce33e053_rand .tds-icon-box .tds-icon {\r\n\t\t\t\t    font-size: 50px;\r\n\t\t\t\t    text-align: center;\r\n\t\t\t\t}\r\n\t\t\t\t\r\n\t\t\t\t\r\n\t\t\t\t.td_uid_19_6a01cce33e053_rand .tds-icon-box .tds-icon {\r\n\t\t\t\t    width: 50px;\r\n\t\t\t\t    height: 50px;\r\n\t\t\t\t    line-height: 50px;\r\n\t\t\t\t}<\/style><\/div><\/div><\/div><div class=\"vc_column td_uid_23_6a01cce346231_rand  wpb_column vc_column_container tdc-column td-pb-span3\"><div class=\"wpb_wrapper\"><div class=\"tdm_block td_block_wrap tdm_block_icon_box td_uid_24_6a01cce3464da_rand tdm-content-horiz-center tds_icon_box1_wrap td-pb-border-top td_block_template_1\"  data-td-block-uid=\"td_uid_24_6a01cce3464da\" >\n<style>\n\n\/* inline tdc_css att *\/\n\n.td_uid_24_6a01cce3464da_rand{\nmargin-bottom:0px !important;\n}\n\n\/* phone *\/\n@media (max-width: 767px)\n{\n.td_uid_24_6a01cce3464da_rand{\nmargin-bottom:34px !important;\n}\n}\n\n<\/style>\n<style>\n.td_uid_25_6a01cce348cea .tds-title {\r\n\t\t\t\t    margin-top: 4px;\r\n\t\t\t\t}\r\n\t\t\t\t\r\n\t\t\t\t\r\n\t\t\t\t.td_uid_25_6a01cce348cea .tds-title {\r\n\t\t\t\t    margin-bottom: 3px;\r\n\t\t\t\t}\r\n\t\t\t\t\r\n\t\t\t\t\r\n\t\t\t\t.td_uid_25_6a01cce348cea .tdm-descr {\r\n\t\t\t\t    margin-bottom: 0px;\t\t\t\t  \r\n\t\t\t\t}\n<\/style><div class=\"tds-icon-box tds-icon-box1 td-fix-index td_uid_25_6a01cce348cea\">\n<style>\n.td_uid_26_6a01cce349b04 {\r\n\t\t\t\t    -webkit-transition: all 0.2s ease;\r\n                    -moz-transition: all 0.2s ease;\r\n                    -o-transition: all 0.2s ease;\r\n                    transition: all 0.2s ease;\r\n\t\t\t\t} \r\n\t\t\t\t.td_uid_26_6a01cce349b04:before {\r\n\t\t\t\t    -webkit-transition: all 0.2s ease;\r\n                    -moz-transition: all 0.2s ease;\r\n                    -o-transition: all 0.2s ease;\r\n                    transition: all 0.2s ease;\r\n\t\t\t\t}\r\n\r\n\t\t\t\t\r\n\t\t\t\t.td_uid_26_6a01cce349b04:before {\r\n\t\t\t\t\tcolor: #c2ab42;\r\n\t\t\t\t}\n\n\/* landscape *\/\n@media (min-width: 1019px) and (max-width: 1140px){\n\n}\n\n\/* portrait *\/\n@media (min-width: 768px) and (max-width: 1018px){\n\n}\n\n\/* phone *\/\n@media (max-width: 767px){\n\n}\n<\/style><i class=\"tds-icon tdc-font-tdmp tdc-font-tdmp-old-phone td_uid_26_6a01cce349b04 td-fix-index\"><\/i>\n<style>\n\n<\/style><div class=\"tds-title tds-title1 td-fix-index td_uid_27_6a01cce34a8d5\"><h3 class=\"tdm-title tdm-title-sm\">Phone<\/h3><\/div><p class=\"tdm-descr td-fix-index\">T: +84 24 6282 7682<br>\nF: +84 24 6282 7683<br><\/p><\/div><style>.td_uid_24_6a01cce3464da_rand .tds-icon-box .tds-icon {\r\n\t\t\t\t    font-size: 50px;\r\n\t\t\t\t    text-align: center;\r\n\t\t\t\t}\r\n\t\t\t\t\r\n\t\t\t\t\r\n\t\t\t\t.td_uid_24_6a01cce3464da_rand .tds-icon-box .tds-icon {\r\n\t\t\t\t    width: 50px;\r\n\t\t\t\t    height: 50px;\r\n\t\t\t\t    line-height: 50px;\r\n\t\t\t\t}<\/style><\/div><\/div><\/div><div class=\"vc_column td_uid_28_6a01cce34bc2a_rand  wpb_column vc_column_container tdc-column td-pb-span3\"><div class=\"wpb_wrapper\"><div class=\"tdm_block td_block_wrap tdm_block_icon_box td_uid_29_6a01cce34bf35_rand tdm-content-horiz-center tds_icon_box1_wrap td-pb-border-top td_block_template_1\"  data-td-block-uid=\"td_uid_29_6a01cce34bf35\" >\n<style>\n\n\/* inline tdc_css att *\/\n\n.td_uid_29_6a01cce34bf35_rand{\nmargin-bottom:0px !important;\n}\n\n<\/style>\n<style>\n.td_uid_30_6a01cce34eba4 .tds-title {\r\n\t\t\t\t    margin-top: 4px;\r\n\t\t\t\t}\r\n\t\t\t\t\r\n\t\t\t\t\r\n\t\t\t\t.td_uid_30_6a01cce34eba4 .tds-title {\r\n\t\t\t\t    margin-bottom: 3px;\r\n\t\t\t\t}\r\n\t\t\t\t\r\n\t\t\t\t\r\n\t\t\t\t.td_uid_30_6a01cce34eba4 .tdm-descr {\r\n\t\t\t\t    margin-bottom: 0px;\t\t\t\t  \r\n\t\t\t\t}\n<\/style><div class=\"tds-icon-box tds-icon-box1 td-fix-index td_uid_30_6a01cce34eba4\">\n<style>\n.td_uid_31_6a01cce34fba7 {\r\n\t\t\t\t    -webkit-transition: all 0.2s ease;\r\n                    -moz-transition: all 0.2s ease;\r\n                    -o-transition: all 0.2s ease;\r\n                    transition: all 0.2s ease;\r\n\t\t\t\t} \r\n\t\t\t\t.td_uid_31_6a01cce34fba7:before {\r\n\t\t\t\t    -webkit-transition: all 0.2s ease;\r\n                    -moz-transition: all 0.2s ease;\r\n                    -o-transition: all 0.2s ease;\r\n                    transition: all 0.2s ease;\r\n\t\t\t\t}\r\n\r\n\t\t\t\t\r\n\t\t\t\t.td_uid_31_6a01cce34fba7:before {\r\n\t\t\t\t\tcolor: #c2ab42;\r\n\t\t\t\t}\n\n\/* landscape *\/\n@media (min-width: 1019px) and (max-width: 1140px){\n\n}\n\n\/* portrait *\/\n@media (min-width: 768px) and (max-width: 1018px){\n\n}\n\n\/* phone *\/\n@media (max-width: 767px){\n\n}\n<\/style><i class=\"tds-icon tdc-font-tdmp tdc-font-tdmp-paper-plane td_uid_31_6a01cce34fba7 td-fix-index\"><\/i>\n<style>\n\n<\/style><div class=\"tds-title tds-title1 td-fix-index td_uid_32_6a01cce3512c4\"><h3 class=\"tdm-title tdm-title-sm\">Email<\/h3><\/div><p class=\"tdm-descr td-fix-index\">info@afc.edu.vn<\/p><\/div><style>.td_uid_29_6a01cce34bf35_rand .tds-icon-box .tds-icon {\r\n\t\t\t\t    font-size: 50px;\r\n\t\t\t\t    text-align: center;\r\n\t\t\t\t}\r\n\t\t\t\t\r\n\t\t\t\t\r\n\t\t\t\t.td_uid_29_6a01cce34bf35_rand .tds-icon-box .tds-icon {\r\n\t\t\t\t    width: 50px;\r\n\t\t\t\t    height: 50px;\r\n\t\t\t\t    line-height: 50px;\r\n\t\t\t\t}<\/style><\/div><\/div><\/div><\/div><\/div>\r\n\t\t<script>\r\n\r\n\t\t\tjQuery(window).load(function () {\r\n\t\t\t\tjQuery('body').find('#td_uid_7_6a01cce337093 .td-element-style').each(function (index, element) {\r\n\t\t\t\t\tjQuery(element).css('opacity', 1);\r\n\t\t\t\t\treturn;\r\n\t\t\t\t});\r\n\t\t\t});\r\n\r\n\t\t<\/script>\r\n\r\n\t\t\r\n\t\t\t<script>\r\n\r\n\t\t\t\tjQuery(window).ready(function () {\r\n\r\n\t\t\t\t\t\/\/ We need timeout because the content must be rendered and interpreted on client\r\n\t\t\t\t\tsetTimeout(function () {\r\n\r\n\t\t\t\t\t\tvar $content = jQuery('body').find('#tdc-live-iframe'),\r\n\t\t\t\t\t\t\trefWindow = undefined;\r\n\r\n\t\t\t\t\t\tif ($content.length) {\r\n\t\t\t\t\t\t\t$content = $content.contents();\r\n\t\t\t\t\t\t\trefWindow = document.getElementById('tdc-live-iframe').contentWindow || document.getElementById('tdc-live-iframe').contentDocument;\r\n\r\n\t\t\t\t\t\t} else {\r\n\t\t\t\t\t\t\t$content = jQuery('body');\r\n\t\t\t\t\t\t\trefWindow = window;\r\n\t\t\t\t\t\t}\r\n\r\n\t\t\t\t\t\t$content.find('#td_uid_7_6a01cce337093 .td-element-style').each(function (index, element) {\r\n\t\t\t\t\t\t\tjQuery(element).css('opacity', 1);\r\n\t\t\t\t\t\t\treturn;\r\n\t\t\t\t\t\t});\r\n\t\t\t\t\t});\r\n\r\n\t\t\t\t}, 200);\r\n\t\t\t<\/script>\r\n\r\n\t\t\t<div id=\"td_uid_12_6a01cce352a0e\" class=\"tdc-row stretch_row_content td-stretch-content\"><div class=\"vc_row td_uid_33_6a01cce352a64_rand  wpb_row td-pb-row\" ><div class=\"vc_column td_uid_34_6a01cce352e39_rand  wpb_column vc_column_container tdc-column td-pb-span12\"><div class=\"wpb_wrapper\"><div class=\"wpb_wrapper td_block_wrap vc_raw_html td_uid_35_6a01cce35303e_rand \">\n<style scoped>\n\n\/* inline tdc_css att *\/\n\n.td_uid_35_6a01cce35303e_rand{\nmargin-bottom:0px !important;\n}\n\n<\/style><div class=\"td-fix-index\"><iframe src=\"https:\/\/www.google.com\/maps\/embed?pb=!1m18!1m12!1m3!1d3724.084215186926!2d105.78899503237648!3d21.029316085998083!2m3!1f0!2f0!3f0!3m2!1i1024!2i768!4f13.1!3m3!1m2!1s0x3135ab4f5b472005%3A0x451ef92ef0fcd7ed!2zVMOyYSBuaMOgIE4wNkIx!5e0!3m2!1svi!2s!4v1524734470659\" width=\"100%\" height=\"600\" frameborder=\"0\" style=\"border:0\" allowfullscreen><\/iframe><\/div><\/div><\/div><\/div><\/div><\/div>\r\n\t\t<script>\r\n\r\n\t\t\tjQuery(window).load(function () {\r\n\t\t\t\tjQuery('body').find('#td_uid_12_6a01cce352a0e .td-element-style').each(function (index, element) {\r\n\t\t\t\t\tjQuery(element).css('opacity', 1);\r\n\t\t\t\t\treturn;\r\n\t\t\t\t});\r\n\t\t\t});\r\n\r\n\t\t<\/script>\r\n\r\n\t\t\r\n\t\t\t<script>\r\n\r\n\t\t\t\tjQuery(window).ready(function () {\r\n\r\n\t\t\t\t\t\/\/ We need timeout because the content must be rendered and interpreted on client\r\n\t\t\t\t\tsetTimeout(function () {\r\n\r\n\t\t\t\t\t\tvar $content = jQuery('body').find('#tdc-live-iframe'),\r\n\t\t\t\t\t\t\trefWindow = undefined;\r\n\r\n\t\t\t\t\t\tif ($content.length) {\r\n\t\t\t\t\t\t\t$content = $content.contents();\r\n\t\t\t\t\t\t\trefWindow = document.getElementById('tdc-live-iframe').contentWindow || document.getElementById('tdc-live-iframe').contentDocument;\r\n\r\n\t\t\t\t\t\t} else {\r\n\t\t\t\t\t\t\t$content = jQuery('body');\r\n\t\t\t\t\t\t\trefWindow = window;\r\n\t\t\t\t\t\t}\r\n\r\n\t\t\t\t\t\t$content.find('#td_uid_12_6a01cce352a0e .td-element-style').each(function (index, element) {\r\n\t\t\t\t\t\t\tjQuery(element).css('opacity', 1);\r\n\t\t\t\t\t\t\treturn;\r\n\t\t\t\t\t\t});\r\n\t\t\t\t\t});\r\n\r\n\t\t\t\t}, 200);\r\n\t\t\t<\/script>\r\n\r\n\t\t\t","protected":false},"excerpt":{"rendered":"","protected":false},"author":1,"featured_media":0,"parent":0,"menu_order":0,"comment_status":"open","ping_status":"closed","template":"","meta":{"amp_status":""},"_links":{"self":[{"href":"https:\/\/afc.com.vn\/vi\/wp-json\/wp\/v2\/pages\/106"}],"collection":[{"href":"https:\/\/afc.com.vn\/vi\/wp-json\/wp\/v2\/pages"}],"about":[{"href":"https:\/\/afc.com.vn\/vi\/wp-json\/wp\/v2\/types\/page"}],"author":[{"embeddable":true,"href":"https:\/\/afc.com.vn\/vi\/wp-json\/wp\/v2\/users\/1"}],"replies":[{"embeddable":true,"href":"https:\/\/afc.com.vn\/vi\/wp-json\/wp\/v2\/comments?post=106"}],"version-history":[{"count":14,"href":"https:\/\/afc.com.vn\/vi\/wp-json\/wp\/v2\/pages\/106\/revisions"}],"predecessor-version":[{"id":307,"href":"https:\/\/afc.com.vn\/vi\/wp-json\/wp\/v2\/pages\/106\/revisions\/307"}],"wp:attachment":[{"href":"https:\/\/afc.com.vn\/vi\/wp-json\/wp\/v2\/media?parent=106"}],"curies":[{"name":"wp","href":"https:\/\/api.w.org\/{rel}","templated":true}]}}