{"id":104,"date":"2018-04-23T03:17:18","date_gmt":"2018-04-23T03:17:18","guid":{"rendered":"http:\/\/td_uid_2_5add503eaa080"},"modified":"2018-11-06T02:11:48","modified_gmt":"2018-11-06T02:11:48","slug":"gia-tri-cot-loi","status":"publish","type":"page","link":"https:\/\/afc.com.vn\/vi\/gia-tri-cot-loi\/","title":{"rendered":"Gi\u00e1 tr\u1ecb c\u1ed1t l\u00f5i"},"content":{"rendered":"<div id=\"td_uid_1_69d26a1232cb8\" class=\"tdc-row stretch_row_1200 td-stretch-content\"><div class=\"vc_row td_uid_1_69d26a1232d23_rand  wpb_row td-pb-row tdc-element-style tdc-row-content-vert-center\" >\n<style scoped>\n\n\/* custom css *\/\n.td_uid_1_69d26a1232d23_rand.tdc-row-content-vert-center,\r\n                .td_uid_1_69d26a1232d23_rand.tdc-row-content-vert-center .tdc-columns {\r\n                    display: flex;\r\n                    align-items: center;\r\n                    min-width: 100%;\r\n                }\r\n                .td_uid_1_69d26a1232d23_rand.tdc-row-content-vert-bottom,\r\n                .td_uid_1_69d26a1232d23_rand.tdc-row-content-vert-bottom .tdc-columns {\r\n                    display: flex;\r\n                    align-items: flex-end;\r\n                    min-width: 100%;\r\n                }\r\n                @media (max-width: 767px) {\r\n\t                .td_uid_1_69d26a1232d23_rand,\r\n\t                .td_uid_1_69d26a1232d23_rand .tdc-columns {\r\n\t                \tflex-direction: column;\r\n\t                }\r\n                }\r\n                .td_uid_1_69d26a1232d23_rand.tdc-row-content-vert-center .td_block_wrap {\r\n                \tvertical-align: middle;\r\n                }\r\n                .td_uid_1_69d26a1232d23_rand.tdc-row-content-vert-bottom .td_block_wrap {\r\n                \tvertical-align: bottom;\r\n                }\n\/* inline tdc_css att *\/\n\n.td_uid_1_69d26a1232d23_rand{\npadding-top:1px !important;\npadding-bottom:24px !important;\nposition:relative;\n}\n\n.td_uid_1_69d26a1232d23_rand .td_block_wrap{ text-align:left }\n\n\/* portrait *\/\n@media (min-width: 768px) and (max-width: 1018px)\n{\n.td_uid_1_69d26a1232d23_rand{\npadding-bottom:20px !important;\n}\n}\n\n\/* phone *\/\n@media (max-width: 767px)\n{\n.td_uid_1_69d26a1232d23_rand{\npadding-bottom:36px !important;\n}\n}\n\n<\/style>\n<div class=\"td_uid_1_69d26a1232cb8_rand_style td-element-style\" style=\"opacity: 0; transition: opacity 1s;\"><div class=\"td-element-style-before\"><style>\n.td_uid_1_69d26a1232cb8_rand_style > .td-element-style-before {\ncontent:'' !important;\nwidth:100% !important;\nheight:100% !important;\nposition:absolute !important;\ntop:0 !important;\nleft:0 !important;\ndisplay:block !important;\nz-index:0 !important;\nborder-color:#ffffff !important;\nborder-style:solid !important;\nborder-width:0 !important;\n}\n<\/style><\/div><style> <\/style><\/div><div class=\"vc_column td_uid_2_69d26a12333cf_rand  wpb_column vc_column_container tdc-column td-pb-span5\"><div class=\"wpb_wrapper\"><div class=\"tdm_block td_block_wrap tdm_block_column_title td_uid_3_69d26a123378e_rand tdm-content-horiz-left td-pb-border-top td-law-firm-section-title td_block_template_1\"  data-td-block-uid=\"td_uid_3_69d26a123378e\" ><div class=\"td-block-row\"><div class=\"td-block-span12 tdm-col\">\n<style>\n\n<\/style><div class=\"tds-title tds-title1 td-fix-index td_uid_4_69d26a1237f21\"><h1 class=\"tdm-title tdm-title-md\">X\u00e2y d\u1ef1ng m\u1ed1i quan h\u1ec7 \u0111\u1ed1i t\u00e1c tin c\u1eady<\/h1><\/div><\/div><\/div><\/div><div class=\"tdm_block td_block_wrap tdm_block_column_title td_uid_5_69d26a1238d29_rand tdm-content-horiz-left td-pb-border-top td-law-firm-section-title td_block_template_1\"  data-td-block-uid=\"td_uid_5_69d26a1238d29\" ><div class=\"td-block-row\"><div class=\"td-block-span12 tdm-col\">\n<style>\n\n<\/style><div class=\"tds-title tds-title1 td-fix-index td_uid_6_69d26a123aa92\"><h1 class=\"tdm-title tdm-title-md\">\t\n\u0110\u00e0o t\u1ea1o - T\u01b0 v\u1ea5n chuy\u00ean nghi\u1ec7p<\/h1><\/div><\/div><\/div><\/div><\/div><\/div><div class=\"vc_column td_uid_7_69d26a123b4cd_rand  wpb_column vc_column_container tdc-column td-pb-span7\"><div class=\"wpb_wrapper\"><div class=\"tdm_block td_block_wrap tdm_block_inline_text td_uid_8_69d26a123b975_rand tdm-inline-block tdm-content-horiz-left td-pb-border-top td_block_template_1\"  data-td-block-uid=\"td_uid_8_69d26a123b975\" ><p class=\"tdm-descr\">M\u1ed1i quan h\u1ec7 \u0111\u1ed1i t\u00e1c tin c\u1eady l\u00e0 c\u01a1 s\u1edf cho m\u1ecdi ho\u1ea1t \u0111\u1ed9ng h\u1ee3p t\u00e1c v\u00e0 ph\u00e1t tri\u1ec3n c\u1ee7a AFC Vietnam. C\u00e1c \u0111\u1ed1i t\u00e1c c\u1ee7a AFC Vietnam lu\u00f4n \u0111\u1ed3ng h\u00e0nh v\u1edbi m\u1ee5c ti\u00eau ph\u00e1t tri\u1ec3n l\u00e2u d\u00e0i v\u00e0 h\u00e0i h\u00f2a l\u1ee3i \u00edch.<\/p><\/div><div class=\"tdm_block td_block_wrap tdm_block_inline_text td_uid_9_69d26a123dc1a_rand tdm-inline-block tdm-content-horiz-left td-pb-border-top td_block_template_1\"  data-td-block-uid=\"td_uid_9_69d26a123dc1a\" ><p class=\"tdm-descr\">K\u1ebft h\u1ee3p c\u00e1c ph\u01b0\u01a1ng th\u1ee9c \u0111\u00e0o t\u1ea1o tr\u1ef1c tuy\u1ebfn (Online), tr\u1ef1c ti\u1ebfp (Offline) v\u00e0 \u0111\u00e0o t\u1ea1o theo y\u00eau c\u1ea7u m\u1ed7i doanh nghi\u1ec7p (In-house). H\u1ec7 th\u1ed1ng qu\u1ea3n tr\u1ecb n\u1ed9i b\u1ed9 v\u1eefng m\u1ea1nh l\u00e0 c\u01a1 s\u1edf cho c\u00e1c ho\u1ea1t \u0111\u1ed9ng t\u01b0 v\u1ea5n mang l\u1ea1i hi\u1ec7u qu\u1ea3 cao cho kh\u00e1ch h\u00e0ng.<\/p><\/div><\/div><\/div><\/div><\/div>\r\n\t\t<script>\r\n\r\n\t\t\tjQuery(window).load(function () {\r\n\t\t\t\tjQuery('body').find('#td_uid_1_69d26a1232cb8 .td-element-style').each(function (index, element) {\r\n\t\t\t\t\tjQuery(element).css('opacity', 1);\r\n\t\t\t\t\treturn;\r\n\t\t\t\t});\r\n\t\t\t});\r\n\r\n\t\t<\/script>\r\n\r\n\t\t\r\n\t\t\t<script>\r\n\r\n\t\t\t\tjQuery(window).ready(function () {\r\n\r\n\t\t\t\t\t\/\/ We need timeout because the content must be rendered and interpreted on client\r\n\t\t\t\t\tsetTimeout(function () {\r\n\r\n\t\t\t\t\t\tvar $content = jQuery('body').find('#tdc-live-iframe'),\r\n\t\t\t\t\t\t\trefWindow = undefined;\r\n\r\n\t\t\t\t\t\tif ($content.length) {\r\n\t\t\t\t\t\t\t$content = $content.contents();\r\n\t\t\t\t\t\t\trefWindow = document.getElementById('tdc-live-iframe').contentWindow || document.getElementById('tdc-live-iframe').contentDocument;\r\n\r\n\t\t\t\t\t\t} else {\r\n\t\t\t\t\t\t\t$content = jQuery('body');\r\n\t\t\t\t\t\t\trefWindow = window;\r\n\t\t\t\t\t\t}\r\n\r\n\t\t\t\t\t\t$content.find('#td_uid_1_69d26a1232cb8 .td-element-style').each(function (index, element) {\r\n\t\t\t\t\t\t\tjQuery(element).css('opacity', 1);\r\n\t\t\t\t\t\t\treturn;\r\n\t\t\t\t\t\t});\r\n\t\t\t\t\t});\r\n\r\n\t\t\t\t}, 200);\r\n\t\t\t<\/script>\r\n\r\n\t\t\t<div id=\"td_uid_4_69d26a124023c\" class=\"tdc-row stretch_row_1200 td-stretch-content\"><div class=\"vc_row td_uid_10_69d26a1240294_rand  wpb_row td-pb-row tdc-element-style tdc-row-content-vert-center\" >\n<style scoped>\n\n\/* custom css *\/\n.td_uid_10_69d26a1240294_rand.tdc-row-content-vert-center,\r\n                .td_uid_10_69d26a1240294_rand.tdc-row-content-vert-center .tdc-columns {\r\n                    display: flex;\r\n                    align-items: center;\r\n                    min-width: 100%;\r\n                }\r\n                .td_uid_10_69d26a1240294_rand.tdc-row-content-vert-bottom,\r\n                .td_uid_10_69d26a1240294_rand.tdc-row-content-vert-bottom .tdc-columns {\r\n                    display: flex;\r\n                    align-items: flex-end;\r\n                    min-width: 100%;\r\n                }\r\n                @media (max-width: 767px) {\r\n\t                .td_uid_10_69d26a1240294_rand,\r\n\t                .td_uid_10_69d26a1240294_rand .tdc-columns {\r\n\t                \tflex-direction: column;\r\n\t                }\r\n                }\r\n                .td_uid_10_69d26a1240294_rand.tdc-row-content-vert-center .td_block_wrap {\r\n                \tvertical-align: middle;\r\n                }\r\n                .td_uid_10_69d26a1240294_rand.tdc-row-content-vert-bottom .td_block_wrap {\r\n                \tvertical-align: bottom;\r\n                }\n\/* inline tdc_css att *\/\n\n.td_uid_10_69d26a1240294_rand{\npadding-top:29px !important;\npadding-bottom:24px !important;\nposition:relative;\n}\n\n.td_uid_10_69d26a1240294_rand .td_block_wrap{ text-align:left }\n\n\/* portrait *\/\n@media (min-width: 768px) and (max-width: 1018px)\n{\n.td_uid_10_69d26a1240294_rand{\npadding-top:9px !important;\npadding-bottom:20px !important;\n}\n}\n\n\/* phone *\/\n@media (max-width: 767px)\n{\n.td_uid_10_69d26a1240294_rand{\npadding-top:20px !important;\npadding-bottom:36px !important;\n}\n}\n\n<\/style>\n<div class=\"td_uid_4_69d26a124023c_rand_style td-element-style\" style=\"opacity: 0; transition: opacity 1s;\"><div class=\"td-element-style-before\"><style>\n.td_uid_4_69d26a124023c_rand_style > .td-element-style-before {\ncontent:'' !important;\nwidth:100% !important;\nheight:100% !important;\nposition:absolute !important;\ntop:0 !important;\nleft:0 !important;\ndisplay:block !important;\nz-index:0 !important;\nborder-color:#ffffff !important;\nborder-style:solid !important;\nborder-width:0 !important;\nbackground-size:cover !important;\nbackground-position:center top !important;\n}\n<\/style><\/div><style>\n.td_uid_4_69d26a124023c_rand_style{\nbackground-color:#fcfaf4 !important;\n}\n <\/style><\/div><div class=\"vc_column td_uid_11_69d26a12406f6_rand  wpb_column vc_column_container tdc-column td-pb-span5\"><div class=\"wpb_wrapper\"><div class=\"tdm_block td_block_wrap tdm_block_column_title td_uid_12_69d26a12408eb_rand tdm-content-horiz-left td-pb-border-top td-law-firm-section-title td_block_template_1\"  data-td-block-uid=\"td_uid_12_69d26a12408eb\" ><div class=\"td-block-row\"><div class=\"td-block-span12 tdm-col\">\n<style>\n\n<\/style><div class=\"tds-title tds-title1 td-fix-index td_uid_13_69d26a12423ce\"><h1 class=\"tdm-title tdm-title-md\">Gi\u00e1o d\u1ee5c g\u1eafn li\u1ec1n v\u1edbi c\u00f4ng ngh\u1ec7<\/h1><\/div><\/div><\/div><\/div><div class=\"tdm_block td_block_wrap tdm_block_column_title td_uid_14_69d26a1242c91_rand tdm-content-horiz-left td-pb-border-top td-law-firm-section-title td_block_template_1\"  data-td-block-uid=\"td_uid_14_69d26a1242c91\" ><div class=\"td-block-row\"><div class=\"td-block-span12 tdm-col\">\n<style>\n\n<\/style><div class=\"tds-title tds-title1 td-fix-index td_uid_15_69d26a124466a\"><h1 class=\"tdm-title tdm-title-md\">Chuy\u00ean gia h\u00e0ng \u0111\u1ea7u<\/h1><\/div><\/div><\/div><\/div><\/div><\/div><div class=\"vc_column td_uid_16_69d26a1244f4b_rand  wpb_column vc_column_container tdc-column td-pb-span7\"><div class=\"wpb_wrapper\"><div class=\"tdm_block td_block_wrap tdm_block_inline_text td_uid_17_69d26a1245186_rand tdm-inline-block tdm-content-horiz-left td-pb-border-top td_block_template_1\"  data-td-block-uid=\"td_uid_17_69d26a1245186\" ><p class=\"tdm-descr\">C\u00f4ng ngh\u1ec7 hi\u1ec7n \u0111\u1ea1i v\u00e0 h\u1ec7 th\u1ed1ng ki\u1ec3m so\u00e1t n\u1ed9i b\u1ed9 hi\u1ec7u qu\u1ea3 l\u00e0 nh\u1eefng v\u1ea5n \u0111\u1ec1 c\u1ed1t l\u00f5i c\u1ee7a c\u00e1c gi\u00e1 tr\u1ecb m\u00e0 AFC Vietnam mang \u0111\u1ebfn cho kh\u00e1ch h\u00e0ng.<\/p><\/div><div class=\"tdm_block td_block_wrap tdm_block_inline_text td_uid_18_69d26a124743e_rand tdm-inline-block tdm-content-horiz-left td-pb-border-top td_block_template_1\"  data-td-block-uid=\"td_uid_18_69d26a124743e\" ><p class=\"tdm-descr\">Tr\u00ean 100 Gi\u1ea3ng vi\u00ean - Chuy\u00ean gia tr\u00ean 20 n\u0103m kinh nghi\u1ec7m gi\u1ea3ng d\u1ea1y v\u00e0 th\u1ef1c ti\u1ec5n \u0111ang ho\u1ea1t \u0111\u1ed9ng trong c\u00e1c d\u1ef1 \u00e1n c\u1ee7a AFC Vietnam.<\/p><\/div><\/div><\/div><\/div><\/div>\r\n\t\t<script>\r\n\r\n\t\t\tjQuery(window).load(function () {\r\n\t\t\t\tjQuery('body').find('#td_uid_4_69d26a124023c .td-element-style').each(function (index, element) {\r\n\t\t\t\t\tjQuery(element).css('opacity', 1);\r\n\t\t\t\t\treturn;\r\n\t\t\t\t});\r\n\t\t\t});\r\n\r\n\t\t<\/script>\r\n\r\n\t\t\r\n\t\t\t<script>\r\n\r\n\t\t\t\tjQuery(window).ready(function () {\r\n\r\n\t\t\t\t\t\/\/ We need timeout because the content must be rendered and interpreted on client\r\n\t\t\t\t\tsetTimeout(function () {\r\n\r\n\t\t\t\t\t\tvar $content = jQuery('body').find('#tdc-live-iframe'),\r\n\t\t\t\t\t\t\trefWindow = undefined;\r\n\r\n\t\t\t\t\t\tif ($content.length) {\r\n\t\t\t\t\t\t\t$content = $content.contents();\r\n\t\t\t\t\t\t\trefWindow = document.getElementById('tdc-live-iframe').contentWindow || document.getElementById('tdc-live-iframe').contentDocument;\r\n\r\n\t\t\t\t\t\t} else {\r\n\t\t\t\t\t\t\t$content = jQuery('body');\r\n\t\t\t\t\t\t\trefWindow = window;\r\n\t\t\t\t\t\t}\r\n\r\n\t\t\t\t\t\t$content.find('#td_uid_4_69d26a124023c .td-element-style').each(function (index, element) {\r\n\t\t\t\t\t\t\tjQuery(element).css('opacity', 1);\r\n\t\t\t\t\t\t\treturn;\r\n\t\t\t\t\t\t});\r\n\t\t\t\t\t});\r\n\r\n\t\t\t\t}, 200);\r\n\t\t\t<\/script>\r\n\r\n\t\t\t<div id=\"td_uid_7_69d26a1249548\" class=\"tdc-row stretch_row_1200 td-stretch-content\"><div class=\"vc_row td_uid_19_69d26a12495a1_rand  wpb_row td-pb-row tdc-element-style\" >\n<style scoped>\n\n\/* inline tdc_css att *\/\n\n.td_uid_19_69d26a12495a1_rand{\npadding-top:80px !important;\npadding-bottom:35px !important;\nposition:relative;\n}\n\n.td_uid_19_69d26a12495a1_rand .td_block_wrap{ text-align:left }\n\n\/* portrait *\/\n@media (min-width: 768px) and (max-width: 1018px)\n{\n.td_uid_19_69d26a12495a1_rand{\npadding-top:60px !important;\npadding-bottom:15px !important;\n}\n}\n\n<\/style>\n<div class=\"td_uid_7_69d26a1249548_rand_style td-element-style\" style=\"opacity: 0; transition: opacity 1s;\"><div class=\"td-element-style-before\"><style>\n.td_uid_7_69d26a1249548_rand_style > .td-element-style-before {\ncontent:'' !important;\nwidth:100% !important;\nheight:100% !important;\nposition:absolute !important;\ntop:0 !important;\nleft:0 !important;\ndisplay:block !important;\nz-index:0 !important;\nborder-color:#ffffff !important;\nborder-style:solid !important;\nborder-width:0 !important;\n}\n<\/style><\/div><style> <\/style><\/div><div class=\"vc_column td_uid_20_69d26a124992b_rand  wpb_column vc_column_container tdc-column td-pb-span4\"><div class=\"wpb_wrapper\"><div class=\"tdm_block td_block_wrap tdm_block_team_member td_uid_21_69d26a1249d26_rand tdm-content-horiz-center td-pb-border-top td-law-firm-team td_block_template_1\"  data-td-block-uid=\"td_uid_21_69d26a1249d26\" >\n<style>\n\n\/* inline tdc_css att *\/\n\n.td_uid_21_69d26a1249d26_rand{\nmargin-bottom:0px !important;\n}\n\n\/* phone *\/\n@media (max-width: 767px)\n{\n.td_uid_21_69d26a1249d26_rand{\nmargin-bottom:36px !important;\n}\n}\n\n<\/style>\n<style>\n.td_uid_22_69d26a124bcb2 .td-member-image {\r\n\t\t\t\t\tbackground-repeat: no-repeat;\r\n\t\t\t\t}\r\n\t\t\t\t \r\n\t\t\t\t.td_uid_22_69d26a124bcb2 .td-member-image {\r\n\t\t\t\t\tbackground-size: cover;\r\n\t\t\t\t}\r\n\t\t\t\t\r\n\t\t\t\t.td_uid_22_69d26a124bcb2 .td-member-image {\r\n\t\t\t\t\tbackground-position: top;\r\n\t\t\t\t}\r\n\t\t\t\t\r\n\t\t\t\t.td_uid_22_69d26a124bcb2 .tdm-member-image,\r\n\t\t\t\t.td_uid_22_69d26a124bcb2 .tdm-member-info {\r\n\t\t\t\t\tpadding-bottom: 100%;\r\n\t\t\t\t}\r\n\t\t\t\t\r\n\t\t\t\t.td_uid_22_69d26a124bcb2 .tdm-social-wrapper {\r\n\t\t\t\t    margin-top: 0px;\r\n\t\t\t\t}\n<\/style><div class=\"tdm-team-member-wrap tds-team-member2 tds-team-member-content-vert-center td_uid_22_69d26a124bcb2\"><div class=\"tdm-member-image td-fix-index\" style=\"background-image: url(https:\/\/afc.com.vn\/wp-content\/uploads\/2018\/04\/pgs-ts-dang-duc-son4.png);\"><\/div><h2 class=\"tdm-title tdm-title-sm td-fix-index\">PGS. TS \u0110\u1eb7ng \u0110\u1ee9c S\u01a1n <\/h2><span class=\"tdm-member-title td-fix-index\">Chuy\u00ean gia T\u00e0i ch\u00ednh - K\u1ebf to\u00e1n<\/span><div class=\"tdm-member-info td-fix-index\"><div class=\"tdm-member-info-inner\"><p class=\"tdm-descr\"><\/p>\n<style>\n.td_uid_23_69d26a124d968 .tdm-social-item i {\r\n\t\t\t\t\tfont-size: 14px;\r\n\t\t\t\t\tvertical-align: middle;\r\n\t\t\t\t}\r\n\t\t\t\t.td_uid_23_69d26a124d968 .tdm-social-item i.td-icon-twitter,\r\n\t\t\t\t.td_uid_23_69d26a124d968 .tdm-social-item i.td-icon-linkedin,\r\n\t\t\t\t.td_uid_23_69d26a124d968 .tdm-social-item i.td-icon-pinterest,\r\n\t\t\t\t.td_uid_23_69d26a124d968 .tdm-social-item i.td-icon-blogger,\r\n\t\t\t\t.td_uid_23_69d26a124d968 .tdm-social-item i.td-icon-vimeo {\r\n\t\t\t\t\tfont-size: 11.2px;\r\n\t\t\t\t}\r\n\t\t\t\t\r\n\t\t\t\t.td_uid_23_69d26a124d968 .tdm-social-item {\r\n\t\t\t\t\twidth: 35px;\r\n\t\t\t\t\theight: 35px;\r\n\t\t\t\t\tline-height: 35px;\r\n\t\t\t\t}\r\n\t\t\t\t\r\n\t\t\t\t.td_uid_23_69d26a124d968 .tdm-social-item {\r\n\t\t\t\t    margin: 5px 10px 5px 0;\r\n\t\t\t\t}\n<\/style><div class=\"tdm-social-wrapper tds-social3 td_uid_23_69d26a124d968\"><a href=\"#\" class=\"tdm-social-item\"><i class=\"td-icon-font td-icon-facebook\"><\/i><\/a><a href=\"#\" class=\"tdm-social-item\"><i class=\"td-icon-font td-icon-instagram\"><\/i><\/a><a href=\"#\" class=\"tdm-social-item\"><i class=\"td-icon-font td-icon-twitter\"><\/i><\/a><\/div><\/div><\/div><\/div><\/div><\/div><\/div><div class=\"vc_column td_uid_24_69d26a124df1c_rand  wpb_column vc_column_container tdc-column td-pb-span4\"><div class=\"wpb_wrapper\"><div class=\"tdm_block td_block_wrap tdm_block_team_member td_uid_25_69d26a124e16c_rand tdm-content-horiz-center td-pb-border-top td-law-firm-team td_block_template_1\"  data-td-block-uid=\"td_uid_25_69d26a124e16c\" >\n<style>\n\n\/* inline tdc_css att *\/\n\n.td_uid_25_69d26a124e16c_rand{\nmargin-bottom:0px !important;\n}\n\n\/* phone *\/\n@media (max-width: 767px)\n{\n.td_uid_25_69d26a124e16c_rand{\nmargin-bottom:36px !important;\n}\n}\n\n<\/style>\n<style>\n.td_uid_26_69d26a1250104 .td-member-image {\r\n\t\t\t\t\tbackground-repeat: no-repeat;\r\n\t\t\t\t}\r\n\t\t\t\t \r\n\t\t\t\t.td_uid_26_69d26a1250104 .td-member-image {\r\n\t\t\t\t\tbackground-size: cover;\r\n\t\t\t\t}\r\n\t\t\t\t\r\n\t\t\t\t.td_uid_26_69d26a1250104 .td-member-image {\r\n\t\t\t\t\tbackground-position: top;\r\n\t\t\t\t}\r\n\t\t\t\t\r\n\t\t\t\t.td_uid_26_69d26a1250104 .tdm-member-image,\r\n\t\t\t\t.td_uid_26_69d26a1250104 .tdm-member-info {\r\n\t\t\t\t\tpadding-bottom: 100%;\r\n\t\t\t\t}\r\n\t\t\t\t\r\n\t\t\t\t.td_uid_26_69d26a1250104 .tdm-social-wrapper {\r\n\t\t\t\t    margin-top: 0px;\r\n\t\t\t\t}\n<\/style><div class=\"tdm-team-member-wrap tds-team-member2 tds-team-member-content-vert-center td_uid_26_69d26a1250104\"><div class=\"tdm-member-image td-fix-index\" style=\"background-image: url(https:\/\/afc.com.vn\/wp-content\/uploads\/2018\/04\/chuyen-gia-ngo-minh-anh.png);\"><\/div><h1 class=\"tdm-title tdm-title-sm td-fix-index\">Ms Ng\u00f4 Minh Anh<\/h1><span class=\"tdm-member-title td-fix-index\">Chuy\u00ean gia Qu\u1ea3n tr\u1ecb  T\u01b0 v\u1ea5n<\/span><div class=\"tdm-member-info td-fix-index\"><div class=\"tdm-member-info-inner\"><p class=\"tdm-descr\"><\/p>\n<style>\n.td_uid_27_69d26a1251da9 .tdm-social-item i {\r\n\t\t\t\t\tfont-size: 14px;\r\n\t\t\t\t\tvertical-align: middle;\r\n\t\t\t\t}\r\n\t\t\t\t.td_uid_27_69d26a1251da9 .tdm-social-item i.td-icon-twitter,\r\n\t\t\t\t.td_uid_27_69d26a1251da9 .tdm-social-item i.td-icon-linkedin,\r\n\t\t\t\t.td_uid_27_69d26a1251da9 .tdm-social-item i.td-icon-pinterest,\r\n\t\t\t\t.td_uid_27_69d26a1251da9 .tdm-social-item i.td-icon-blogger,\r\n\t\t\t\t.td_uid_27_69d26a1251da9 .tdm-social-item i.td-icon-vimeo {\r\n\t\t\t\t\tfont-size: 11.2px;\r\n\t\t\t\t}\r\n\t\t\t\t\r\n\t\t\t\t.td_uid_27_69d26a1251da9 .tdm-social-item {\r\n\t\t\t\t\twidth: 35px;\r\n\t\t\t\t\theight: 35px;\r\n\t\t\t\t\tline-height: 35px;\r\n\t\t\t\t}\r\n\t\t\t\t\r\n\t\t\t\t.td_uid_27_69d26a1251da9 .tdm-social-item {\r\n\t\t\t\t    margin: 5px 10px 5px 0;\r\n\t\t\t\t}\n<\/style><div class=\"tdm-social-wrapper tds-social3 td_uid_27_69d26a1251da9\"><a href=\"#\" class=\"tdm-social-item\"><i class=\"td-icon-font td-icon-facebook\"><\/i><\/a><a href=\"#\" class=\"tdm-social-item\"><i class=\"td-icon-font td-icon-instagram\"><\/i><\/a><a href=\"#\" class=\"tdm-social-item\"><i class=\"td-icon-font td-icon-twitter\"><\/i><\/a><\/div><\/div><\/div><\/div><\/div><\/div><\/div><div class=\"vc_column td_uid_28_69d26a12527f7_rand  wpb_column vc_column_container tdc-column td-pb-span4\"><div class=\"wpb_wrapper\"><div class=\"tdm_block td_block_wrap tdm_block_team_member td_uid_29_69d26a1252b77_rand tdm-content-horiz-center td-pb-border-top td-law-firm-team td_block_template_1\"  data-td-block-uid=\"td_uid_29_69d26a1252b77\" >\n<style>\n\n\/* inline tdc_css att *\/\n\n.td_uid_29_69d26a1252b77_rand{\nmargin-bottom:0px !important;\n}\n\n<\/style>\n<style>\n.td_uid_30_69d26a1256597 .td-member-image {\r\n\t\t\t\t\tbackground-repeat: no-repeat;\r\n\t\t\t\t}\r\n\t\t\t\t \r\n\t\t\t\t.td_uid_30_69d26a1256597 .td-member-image {\r\n\t\t\t\t\tbackground-size: cover;\r\n\t\t\t\t}\r\n\t\t\t\t\r\n\t\t\t\t.td_uid_30_69d26a1256597 .td-member-image {\r\n\t\t\t\t\tbackground-position: top;\r\n\t\t\t\t}\r\n\t\t\t\t\r\n\t\t\t\t.td_uid_30_69d26a1256597 .tdm-member-image,\r\n\t\t\t\t.td_uid_30_69d26a1256597 .tdm-member-info {\r\n\t\t\t\t\tpadding-bottom: 100%;\r\n\t\t\t\t}\r\n\t\t\t\t\r\n\t\t\t\t.td_uid_30_69d26a1256597 .tdm-social-wrapper {\r\n\t\t\t\t    margin-top: 0px;\r\n\t\t\t\t}\n<\/style><div class=\"tdm-team-member-wrap tds-team-member2 tds-team-member-content-vert-center td_uid_30_69d26a1256597\"><div class=\"tdm-member-image td-fix-index\" style=\"background-image: url(https:\/\/afc.com.vn\/wp-content\/uploads\/2018\/04\/PGS.TS_.-Nguy\u1ec5n-V\u0103n-\u0110\u1ecbnh.png);\"><\/div><h2 class=\"tdm-title tdm-title-sm td-fix-index\">PGS. TS Nguy\u1ec5n V\u0103n \u0110\u1ecbnh<\/h2><span class=\"tdm-member-title td-fix-index\">Chuy\u00ean gia T\u00e0i ch\u00ednh - Ng\u00e2n h\u00e0ng<\/span><div class=\"tdm-member-info td-fix-index\"><div class=\"tdm-member-info-inner\"><p class=\"tdm-descr\"><\/p>\n<style>\n.td_uid_31_69d26a1258fb8 .tdm-social-item i {\r\n\t\t\t\t\tfont-size: 14px;\r\n\t\t\t\t\tvertical-align: middle;\r\n\t\t\t\t}\r\n\t\t\t\t.td_uid_31_69d26a1258fb8 .tdm-social-item i.td-icon-twitter,\r\n\t\t\t\t.td_uid_31_69d26a1258fb8 .tdm-social-item i.td-icon-linkedin,\r\n\t\t\t\t.td_uid_31_69d26a1258fb8 .tdm-social-item i.td-icon-pinterest,\r\n\t\t\t\t.td_uid_31_69d26a1258fb8 .tdm-social-item i.td-icon-blogger,\r\n\t\t\t\t.td_uid_31_69d26a1258fb8 .tdm-social-item i.td-icon-vimeo {\r\n\t\t\t\t\tfont-size: 11.2px;\r\n\t\t\t\t}\r\n\t\t\t\t\r\n\t\t\t\t.td_uid_31_69d26a1258fb8 .tdm-social-item {\r\n\t\t\t\t\twidth: 35px;\r\n\t\t\t\t\theight: 35px;\r\n\t\t\t\t\tline-height: 35px;\r\n\t\t\t\t}\r\n\t\t\t\t\r\n\t\t\t\t.td_uid_31_69d26a1258fb8 .tdm-social-item {\r\n\t\t\t\t    margin: 5px 10px 5px 0;\r\n\t\t\t\t}\n<\/style><div class=\"tdm-social-wrapper tds-social3 td_uid_31_69d26a1258fb8\"><a href=\"#\" class=\"tdm-social-item\"><i class=\"td-icon-font td-icon-facebook\"><\/i><\/a><a href=\"#\" class=\"tdm-social-item\"><i class=\"td-icon-font td-icon-instagram\"><\/i><\/a><a href=\"#\" class=\"tdm-social-item\"><i class=\"td-icon-font td-icon-twitter\"><\/i><\/a><\/div><\/div><\/div><\/div><\/div><\/div><\/div><\/div><\/div>\r\n\t\t<script>\r\n\r\n\t\t\tjQuery(window).load(function () {\r\n\t\t\t\tjQuery('body').find('#td_uid_7_69d26a1249548 .td-element-style').each(function (index, element) {\r\n\t\t\t\t\tjQuery(element).css('opacity', 1);\r\n\t\t\t\t\treturn;\r\n\t\t\t\t});\r\n\t\t\t});\r\n\r\n\t\t<\/script>\r\n\r\n\t\t\r\n\t\t\t<script>\r\n\r\n\t\t\t\tjQuery(window).ready(function () {\r\n\r\n\t\t\t\t\t\/\/ We need timeout because the content must be rendered and interpreted on client\r\n\t\t\t\t\tsetTimeout(function () {\r\n\r\n\t\t\t\t\t\tvar $content = jQuery('body').find('#tdc-live-iframe'),\r\n\t\t\t\t\t\t\trefWindow = undefined;\r\n\r\n\t\t\t\t\t\tif ($content.length) {\r\n\t\t\t\t\t\t\t$content = $content.contents();\r\n\t\t\t\t\t\t\trefWindow = document.getElementById('tdc-live-iframe').contentWindow || document.getElementById('tdc-live-iframe').contentDocument;\r\n\r\n\t\t\t\t\t\t} else {\r\n\t\t\t\t\t\t\t$content = jQuery('body');\r\n\t\t\t\t\t\t\trefWindow = window;\r\n\t\t\t\t\t\t}\r\n\r\n\t\t\t\t\t\t$content.find('#td_uid_7_69d26a1249548 .td-element-style').each(function (index, element) {\r\n\t\t\t\t\t\t\tjQuery(element).css('opacity', 1);\r\n\t\t\t\t\t\t\treturn;\r\n\t\t\t\t\t\t});\r\n\t\t\t\t\t});\r\n\r\n\t\t\t\t}, 200);\r\n\t\t\t<\/script>\r\n\r\n\t\t\t","protected":false},"excerpt":{"rendered":"","protected":false},"author":1,"featured_media":0,"parent":0,"menu_order":0,"comment_status":"open","ping_status":"closed","template":"","meta":{"amp_status":""},"_links":{"self":[{"href":"https:\/\/afc.com.vn\/vi\/wp-json\/wp\/v2\/pages\/104"}],"collection":[{"href":"https:\/\/afc.com.vn\/vi\/wp-json\/wp\/v2\/pages"}],"about":[{"href":"https:\/\/afc.com.vn\/vi\/wp-json\/wp\/v2\/types\/page"}],"author":[{"embeddable":true,"href":"https:\/\/afc.com.vn\/vi\/wp-json\/wp\/v2\/users\/1"}],"replies":[{"embeddable":true,"href":"https:\/\/afc.com.vn\/vi\/wp-json\/wp\/v2\/comments?post=104"}],"version-history":[{"count":19,"href":"https:\/\/afc.com.vn\/vi\/wp-json\/wp\/v2\/pages\/104\/revisions"}],"predecessor-version":[{"id":485,"href":"https:\/\/afc.com.vn\/vi\/wp-json\/wp\/v2\/pages\/104\/revisions\/485"}],"wp:attachment":[{"href":"https:\/\/afc.com.vn\/vi\/wp-json\/wp\/v2\/media?parent=104"}],"curies":[{"name":"wp","href":"https:\/\/api.w.org\/{rel}","templated":true}]}}